{"id":70,"date":"2024-05-19T20:38:22","date_gmt":"2024-05-19T20:38:22","guid":{"rendered":"https:\/\/www.lesppites.com\/?page_id=70"},"modified":"2025-08-26T22:14:18","modified_gmt":"2025-08-26T22:14:18","slug":"mentions-legales-2","status":"publish","type":"page","link":"https:\/\/www.lesppites.com\/en\/mentions-legales-2\/","title":{"rendered":"Terms &amp; Conditions"},"content":{"rendered":"<p><strong>1 - Site edition.<\/strong><\/p>\n\n\n\n<p>By article 6 of French law no. 2004-575 of June 21, 2004, on confidence in the digital economy, users of the https:\/\/lesppites.com\/ website are informed of the identity of the various parties involved in its creation and follow-up:<\/p>\n\n\n\n<p>Propri\u00e9taire du site :\u00a0HARRIS EDOUBE L\u00e9olain\u00a0&#8211; Contact :\u00a0+33 658524274\u00a0&#8211; Adresse :\u00a0rue Mendel Kalmenson 93300 Aubervilliers.<\/p>\n\n\n\n<p>Identification de l&rsquo;entreprise :\u00a0HARRIS EDOUBE L\u00e9olain \u00a0&#8211; SIREN :\u00a0878775238 \u00a0&#8211; Adresse postale :\u00a0rue Mendel Kalmenson 93300 Aubervilliers\u00a0&#8211;<\/p>\n\n\n\n<p>Publication manager: HARRIS EDOUBE L\u00e9olain - Contact: +33 658524274.<\/p>\n\n\n\n<p>Host : O2Switch - 222 Boulevard Gustave Flaubert, 63000 Clermont-Ferrand - Phone : 04.44.44.60.40<\/p>\n\n\n\n<p>Data Protection Officer: HARRIS EDOUBE L\u00e9olain - contact@lesppites.com<\/p>\n\n\n\n<p>Other contributors :<\/p>\n\n\n\n<p>2 - Intellectual property and counterfeiting.<\/p>\n\n\n\n<p>HARRIS EDOUBE L\u00e9olain is the owner of the intellectual property rights and holds the rights of use on all the elements accessible on the website, notably the texts, images, graphics, logos, videos, architecture, icons, and sounds.<\/p>\n\n\n\n<p>Any reproduction, representation, modification, publication, or adaptation of all or part of the elements of the site, whatever the means or the process used, is prohibited, except with prior written authorization of HARRIS EDOUBE L\u00e9olain.<\/p>\n\n\n\n<p>Any unauthorized use of the site or of any of the elements it contains will be considered counterfeiting and will be prosecuted by the provisions of articles L.335-2 et seq. of the French Intellectual Property Code.<\/p>\n\n\n\n<p>3 - Limitation of liability.<\/p>\n\n\n\n<p>HARRIS EDOUBE L\u00e9olain cannot be held responsible for direct or indirect damage caused to the user's equipment when accessing the https:\/\/lesppites.com\/ website.<\/p>\n\n\n\n<p>HARRIS EDOUBE L\u00e9olain declines all responsibility for the use that may be made of the information and content available on https:\/\/lesppites.com\/.<\/p>\n\n\n\n<p>HARRIS EDOUBE L\u00e9olain undertakes to ensure the security of the https:\/\/lesppites.com\/ site to the best of its ability. However, HARRIS EDOUBE L\u00e9olain cannot be held responsible if undesirable data is imported and installed on its site without its knowledge.<\/p>\n\n\n\n<p>Interactive areas (contact space or comments) are available to users. HARRIS EDOUBE L\u00e9olain reserves the right to delete, without prior notice, any content posted in this area that contravenes the legislation applicable in France, in particular provisions relating to data protection.<\/p>\n\n\n\n<p>Where applicable, HARRIS EDOUBE L\u00e9olain also reserves the right to hold the user civilly and\/or criminally liable, particularly in the event of messages of a racist, insulting, defamatory or pornographic nature, whatever the medium used (text, photographs, etc.).<\/p>\n\n\n\n<p>4 - CNIL and personal data management.<\/p>\n\n\n\n<p>By the provisions of the French Data Protection Act 78-17 of January 6, 1978, as amended, users of the https:\/\/lesppites.com\/ website have the right to access, modify and delete any information collected. To exercise this right, please send a message to our Data Protection Officer: HARRIS EDOUBE L\u00e9olain - contact@lesppites.com.<\/p>\n\n\n\n<p>For more information on how we process your data (type of data, purpose, recipient...), please read our https:\/\/lesppites.com\/politique-de-confidentialite\/.s.com\/politique-de-confidentialite\/.<\/p>\n\n\n\n<p>5 - Hyperlinks and cookies<\/p>\n\n\n\n<p>The https:\/\/lesppites.com\/ site contains hypertext links to other sites and accepts no responsibility for these external links or links created by other sites to https:\/\/lesppites.com\/.<\/p>\n\n\n\n<p>Browsing the https:\/\/lesppites.com\/ website may result in the installation of cookie(s) on the user's computer.<\/p>\n\n\n\n<p>A \u201ccookie\u201d is a small file that records information about a user's navigation on a site. The data thus obtained can be used, for example, to measure visitor numbers.<\/p>\n\n\n\n<p>You can accept or refuse cookies by modifying your browser settings. No cookies will be deposited without your consent.<\/p>\n\n\n\n<p>Cookies are stored for a maximum of 1 month.<\/p>\n\n\n\n<p>For more information on how we process your data (type of data, purpose, recipient...), please read our https:\/\/lesppites.com\/politique-de-confidentialite\/.s.com\/politique-de-confidentialite\/.<\/p>\n\n\n\n<p>6 - Applicable law and jurisdiction.<\/p>\n\n\n\n<p>All disputes arising from the use of the https:\/\/lesppites.com\/ website are governed by French law. Except in cases where the law does not allow it, exclusive jurisdiction is given to the competent courts of Bobigny.<\/p>","protected":false},"excerpt":{"rendered":"<p>1 &#8211; \u00c9dition du site. En vertu de&nbsp;l&rsquo;article 6 de la loi n\u00b0 2004-575 du 21 juin 2004&nbsp;pour la confiance dans l&rsquo;\u00e9conomie num\u00e9rique, il est pr\u00e9cis\u00e9 aux utilisateurs du site internet&nbsp;https:\/\/lesppites.com\/&nbsp;l&rsquo;identit\u00e9 des diff\u00e9rents intervenants dans le cadre de sa r\u00e9alisation et de son suivi: Propri\u00e9taire du site :\u00a0HARRIS EDOUBE L\u00e9olain\u00a0&#8211; Contact :\u00a0+33 658524274\u00a0&#8211; Adresse :\u00a0rue&#8230;<\/p>","protected":false},"author":1,"featured_media":0,"parent":0,"menu_order":0,"comment_status":"closed","ping_status":"closed","template":"","meta":{"_kad_post_transparent":"","_kad_post_title":"","_kad_post_layout":"narrow","_kad_post_sidebar_id":"","_kad_post_content_style":"","_kad_post_vertical_padding":"","_kad_post_feature":"","_kad_post_feature_position":"","_kad_post_header":false,"_kad_post_footer":false,"_kad_post_classname":"","footnotes":""},"class_list":["post-70","page","type-page","status-publish","hentry"],"_links":{"self":[{"href":"https:\/\/www.lesppites.com\/en\/wp-json\/wp\/v2\/pages\/70","targetHints":{"allow":["GET"]}}],"collection":[{"href":"https:\/\/www.lesppites.com\/en\/wp-json\/wp\/v2\/pages"}],"about":[{"href":"https:\/\/www.lesppites.com\/en\/wp-json\/wp\/v2\/types\/page"}],"author":[{"embeddable":true,"href":"https:\/\/www.lesppites.com\/en\/wp-json\/wp\/v2\/users\/1"}],"replies":[{"embeddable":true,"href":"https:\/\/www.lesppites.com\/en\/wp-json\/wp\/v2\/comments?post=70"}],"version-history":[{"count":3,"href":"https:\/\/www.lesppites.com\/en\/wp-json\/wp\/v2\/pages\/70\/revisions"}],"predecessor-version":[{"id":1916,"href":"https:\/\/www.lesppites.com\/en\/wp-json\/wp\/v2\/pages\/70\/revisions\/1916"}],"wp:attachment":[{"href":"https:\/\/www.lesppites.com\/en\/wp-json\/wp\/v2\/media?parent=70"}],"curies":[{"name":"wp","href":"https:\/\/api.w.org\/{rel}","templated":true}]}}