{"id":833,"date":"2024-07-20T19:39:56","date_gmt":"2024-07-20T19:39:56","guid":{"rendered":"https:\/\/www.lesppites.com\/?page_id=833"},"modified":"2024-07-23T21:32:53","modified_gmt":"2024-07-23T21:32:53","slug":"3-connecter","status":"publish","type":"page","link":"https:\/\/www.lesppites.com\/en\/3-connecter\/","title":{"rendered":"3 Connect"},"content":{"rendered":"<style>.kb-row-layout-id833_a4b009-e6 > .kt-row-column-wrap{align-content:start;}:where(.kb-row-layout-id833_a4b009-e6 > .kt-row-column-wrap) > .wp-block-kadence-column{justify-content:start;}.kb-row-layout-id833_a4b009-e6 > .kt-row-column-wrap{column-gap:var(--global-kb-gap-md, 2rem);row-gap:var(--global-kb-gap-md, 2rem);max-width:var( --global-content-width, 1222px );padding-left:var(--global-content-edge-padding);padding-right:var(--global-content-edge-padding);padding-bottom:var(--global-kb-spacing-5xl, 10rem);grid-template-columns:minmax(0, 1fr);}.kb-row-layout-id833_a4b009-e6{background-image:linear-gradient(135deg,var(--global-palette9,#ffffff) 41%,rgb(207,171,106) 100%);}.kb-row-layout-id833_a4b009-e6 > .kt-row-layout-overlay{opacity:0.20;mix-blend-mode:multiply;}.kb-row-layout-id833_a4b009-e6 .kt-row-layout-bottom-sep{height:100px;}.kb-row-layout-id833_a4b009-e6 .kt-row-layout-bottom-sep svg{width:100%;}.kb-row-layout-id833_a4b009-e6 .kt-row-layout-bottom-sep svg{fill:#ffffff!important;}@media all and (max-width: 1024px){.kb-row-layout-id833_a4b009-e6 > .kt-row-column-wrap{grid-template-columns:minmax(0, 1fr);}}@media all and (max-width: 1024px){.kb-row-layout-id833_a4b009-e6 .kt-row-layout-bottom-sep{height:px;}}@media all and (max-width: 1024px){.kb-row-layout-id833_a4b009-e6 .kt-row-layout-bottom-sep svg{width:%;}}@media all and (max-width: 767px){.kb-row-layout-id833_a4b009-e6 > .kt-row-column-wrap{grid-template-columns:minmax(0, 1fr);}.kb-row-layout-id833_a4b009-e6 .kt-row-layout-bottom-sep{height:px;}.kb-row-layout-id833_a4b009-e6 .kt-row-layout-bottom-sep svg{width:%;}}<\/style><div class=\"kb-row-layout-wrap kb-row-layout-id833_a4b009-e6 alignfull has-theme-palette8-background-color kt-row-has-bg wp-block-kadence-rowlayout\"><div class=\"kt-row-layout-bottom-sep kt-row-sep-type-sltl\"><svg viewBox=\"0 0 1000 100\" preserveAspectRatio=\"none\"><path d=\"M1000,0l-1000,100l1000,0l0,-100Z\" \/><\/svg><\/div><div class=\"kt-row-column-wrap kt-has-1-columns kt-row-layout-equal kt-tab-layout-inherit kt-mobile-layout-row kt-row-valign-top kb-theme-content-width\">\n<style>.kadence-column833_b5e67f-8a > .kt-inside-inner-col,.kadence-column833_b5e67f-8a > .kt-inside-inner-col:before{border-top-left-radius:0px;border-top-right-radius:0px;border-bottom-right-radius:0px;border-bottom-left-radius:0px;}.kadence-column833_b5e67f-8a > .kt-inside-inner-col{column-gap:var(--global-kb-gap-sm, 1rem);}.kadence-column833_b5e67f-8a > .kt-inside-inner-col{flex-direction:column;}.kadence-column833_b5e67f-8a > .kt-inside-inner-col > .aligncenter{width:100%;}.kadence-column833_b5e67f-8a > .kt-inside-inner-col:before{opacity:0.3;}.kadence-column833_b5e67f-8a{position:relative;}.kadence-column833_b5e67f-8a, .kt-inside-inner-col > .kadence-column833_b5e67f-8a:not(.specificity){margin-top:var(--global-kb-spacing-lg, 3rem);}@media all and (max-width: 1024px){.kadence-column833_b5e67f-8a > .kt-inside-inner-col{flex-direction:column;justify-content:center;}}@media all and (max-width: 767px){.kadence-column833_b5e67f-8a > .kt-inside-inner-col{flex-direction:column;justify-content:center;}}<\/style>\n<div class=\"wp-block-kadence-column kadence-column833_b5e67f-8a inner-column-1\"><div class=\"kt-inside-inner-col\"><style>.wp-block-kadence-advancedheading.kt-adv-heading833_fe442e-44, .wp-block-kadence-advancedheading.kt-adv-heading833_fe442e-44[data-kb-block=\"kb-adv-heading833_fe442e-44\"]{margin-top:var(--global-kb-spacing-xs, 1rem);margin-bottom:var(--global-kb-spacing-sm, 1.5rem);text-align:center;font-size:var(--global-kb-font-size-lg, 2rem);line-height:1.1;font-weight:700;font-style:normal;}.wp-block-kadence-advancedheading.kt-adv-heading833_fe442e-44 mark.kt-highlight, .wp-block-kadence-advancedheading.kt-adv-heading833_fe442e-44[data-kb-block=\"kb-adv-heading833_fe442e-44\"] mark.kt-highlight{font-style:normal;color:#f76a0c;-webkit-box-decoration-break:clone;box-decoration-break:clone;padding-top:0px;padding-right:0px;padding-bottom:0px;padding-left:0px;}.wp-block-kadence-advancedheading.kt-adv-heading833_fe442e-44 img.kb-inline-image, .wp-block-kadence-advancedheading.kt-adv-heading833_fe442e-44[data-kb-block=\"kb-adv-heading833_fe442e-44\"] img.kb-inline-image{width:150px;vertical-align:baseline;}<\/style>\n<h2 class=\"kt-adv-heading833_fe442e-44 wp-block-kadence-advancedheading has-theme-palette-3-color has-text-color\" data-kb-block=\"kb-adv-heading833_fe442e-44\">Connecter<\/h2>\n\n\n<style>.wp-block-kadence-advancedheading.kt-adv-heading833_ae4b30-df, .wp-block-kadence-advancedheading.kt-adv-heading833_ae4b30-df[data-kb-block=\"kb-adv-heading833_ae4b30-df\"]{text-align:center;font-style:normal;}.wp-block-kadence-advancedheading.kt-adv-heading833_ae4b30-df mark.kt-highlight, .wp-block-kadence-advancedheading.kt-adv-heading833_ae4b30-df[data-kb-block=\"kb-adv-heading833_ae4b30-df\"] mark.kt-highlight{font-style:normal;color:#f76a0c;-webkit-box-decoration-break:clone;box-decoration-break:clone;padding-top:0px;padding-right:0px;padding-bottom:0px;padding-left:0px;}.wp-block-kadence-advancedheading.kt-adv-heading833_ae4b30-df img.kb-inline-image, .wp-block-kadence-advancedheading.kt-adv-heading833_ae4b30-df[data-kb-block=\"kb-adv-heading833_ae4b30-df\"] img.kb-inline-image{width:150px;vertical-align:baseline;}<\/style>\n<p class=\"kt-adv-heading833_ae4b30-df has-sm-font-size wp-block-kadence-advancedheading has-theme-palette-4-color has-text-color\" data-kb-block=\"kb-adv-heading833_ae4b30-df\">avec plus d\u2019\u00e9v\u00e9nements caritatifs en Afrique<\/p>\n<\/div><\/div>\n\n<\/div><\/div>\n\n<style>.kb-row-layout-id833_c4be80-04 > .kt-row-column-wrap{align-content:start;}:where(.kb-row-layout-id833_c4be80-04 > .kt-row-column-wrap) > .wp-block-kadence-column{justify-content:start;}.kb-row-layout-id833_c4be80-04 > .kt-row-column-wrap{column-gap:var(--global-kb-gap-md, 2rem);row-gap:var(--global-kb-gap-md, 2rem);max-width:var( --global-content-width, 1222px );padding-left:var(--global-content-edge-padding);padding-right:var(--global-content-edge-padding);grid-template-columns:minmax(0, 1fr);}.kb-row-layout-id833_c4be80-04 > .kt-row-layout-overlay{opacity:0.30;}@media all and (max-width: 1024px){.kb-row-layout-id833_c4be80-04 > .kt-row-column-wrap{grid-template-columns:minmax(0, 1fr);}}@media all and (max-width: 767px){.kb-row-layout-id833_c4be80-04 > .kt-row-column-wrap{grid-template-columns:minmax(0, 1fr);}}<\/style><div class=\"kb-row-layout-wrap kb-row-layout-id833_c4be80-04 alignfull has-theme-palette9-background-color kt-row-has-bg wp-block-kadence-rowlayout\"><div class=\"kt-row-column-wrap kt-has-1-columns kt-row-layout-equal kt-tab-layout-inherit kt-mobile-layout-row kt-row-valign-top kb-theme-content-width\">\n<style>.kadence-column833_a77b49-75 > .kt-inside-inner-col,.kadence-column833_a77b49-75 > .kt-inside-inner-col:before{border-top-left-radius:0px;border-top-right-radius:0px;border-bottom-right-radius:0px;border-bottom-left-radius:0px;}.kadence-column833_a77b49-75 > .kt-inside-inner-col{column-gap:var(--global-kb-gap-sm, 1rem);}.kadence-column833_a77b49-75 > .kt-inside-inner-col{flex-direction:column;}.kadence-column833_a77b49-75 > .kt-inside-inner-col > .aligncenter{width:100%;}.kadence-column833_a77b49-75 > .kt-inside-inner-col:before{opacity:0.3;}.kadence-column833_a77b49-75{position:relative;}@media all and (max-width: 1024px){.kadence-column833_a77b49-75 > .kt-inside-inner-col{flex-direction:column;justify-content:center;}}@media all and (max-width: 767px){.kadence-column833_a77b49-75 > .kt-inside-inner-col{flex-direction:column;justify-content:center;}}<\/style>\n<div class=\"wp-block-kadence-column kadence-column833_a77b49-75\"><div class=\"kt-inside-inner-col\"><style>.wp-block-kadence-advancedheading.kt-adv-heading833_890ea3-e4, .wp-block-kadence-advancedheading.kt-adv-heading833_890ea3-e4[data-kb-block=\"kb-adv-heading833_890ea3-e4\"]{display:block;text-align:left;font-size:var(--global-kb-font-size-lg, 2rem);line-height:1;font-style:normal;text-transform:uppercase;letter-spacing:2px;color:#cfab6a;}.wp-block-kadence-advancedheading.kt-adv-heading833_890ea3-e4 mark.kt-highlight, .wp-block-kadence-advancedheading.kt-adv-heading833_890ea3-e4[data-kb-block=\"kb-adv-heading833_890ea3-e4\"] mark.kt-highlight{font-style:normal;color:#f76a0c;-webkit-box-decoration-break:clone;box-decoration-break:clone;padding-top:0px;padding-right:0px;padding-bottom:0px;padding-left:0px;}.wp-block-kadence-advancedheading.kt-adv-heading833_890ea3-e4 img.kb-inline-image, .wp-block-kadence-advancedheading.kt-adv-heading833_890ea3-e4[data-kb-block=\"kb-adv-heading833_890ea3-e4\"] img.kb-inline-image{width:150px;vertical-align:baseline;}<\/style>\n<span class=\"kt-adv-heading833_890ea3-e4 wp-block-kadence-advancedheading\" data-kb-block=\"kb-adv-heading833_890ea3-e4\"><strong>EIGHTEEN HILLS<\/strong><\/span>\n\n\n<style>.wp-block-kadence-advancedheading.kt-adv-heading833_b7cf8f-d7, .wp-block-kadence-advancedheading.kt-adv-heading833_b7cf8f-d7[data-kb-block=\"kb-adv-heading833_b7cf8f-d7\"]{max-width:601px;margin-top:var(--global-kb-spacing-xs, 1rem);margin-bottom:var(--global-kb-spacing-sm, 1.5rem);text-align:left;font-size:20px;line-height:1.1;font-style:normal;}.wp-block-kadence-advancedheading.kt-adv-heading833_b7cf8f-d7 mark.kt-highlight, .wp-block-kadence-advancedheading.kt-adv-heading833_b7cf8f-d7[data-kb-block=\"kb-adv-heading833_b7cf8f-d7\"] mark.kt-highlight{font-style:normal;color:#f76a0c;-webkit-box-decoration-break:clone;box-decoration-break:clone;padding-top:0px;padding-right:0px;padding-bottom:0px;padding-left:0px;}.wp-block-kadence-advancedheading.kt-adv-heading833_b7cf8f-d7 img.kb-inline-image, .wp-block-kadence-advancedheading.kt-adv-heading833_b7cf8f-d7[data-kb-block=\"kb-adv-heading833_b7cf8f-d7\"] img.kb-inline-image{width:150px;vertical-align:baseline;}<\/style>\n<h2 class=\"kt-adv-heading833_b7cf8f-d7 wp-block-kadence-advancedheading has-theme-palette-3-color has-text-color\" data-kb-block=\"kb-adv-heading833_b7cf8f-d7\"><strong>Le nom Eighteen Hills vient du fait que le terrain est localis\u00e9 dans les hauteurs du 18\u00e8me arrondissement, pr\u00e8s du Sacr\u00e9 C\u0153ur<\/strong>.<\/h2>\n\n\n<style>.kb-row-layout-id833_d81267-6a > .kt-row-column-wrap{align-content:start;}:where(.kb-row-layout-id833_d81267-6a > .kt-row-column-wrap) > .wp-block-kadence-column{justify-content:start;}.kb-row-layout-id833_d81267-6a > .kt-row-column-wrap{column-gap:var(--global-kb-gap-md, 2rem);row-gap:var(--global-kb-gap-md, 2rem);padding-top:var(--global-kb-spacing-sm, 1.5rem);padding-right:0px;padding-bottom:var(--global-kb-spacing-3xl, 6.5rem);padding-left:0px;grid-template-columns:repeat(2, minmax(0, 1fr));}.kb-row-layout-id833_d81267-6a > .kt-row-layout-overlay{opacity:0.30;}@media all and (max-width: 1024px){.kb-row-layout-id833_d81267-6a > .kt-row-column-wrap{grid-template-columns:repeat(2, minmax(0, 1fr));}}@media all and (max-width: 767px){.kb-row-layout-id833_d81267-6a > .kt-row-column-wrap{grid-template-columns:minmax(0, 1fr);}}<\/style><div class=\"kb-row-layout-wrap kb-row-layout-id833_d81267-6a alignnone has-theme-palette9-background-color kt-row-has-bg wp-block-kadence-rowlayout\"><div class=\"kt-row-column-wrap kt-has-2-columns kt-row-layout-equal kt-tab-layout-equal kt-mobile-layout-row kt-row-valign-top\">\n<style>.kadence-column833_efab51-07 > .kt-inside-inner-col{display:flex;}.kadence-column833_efab51-07 > .kt-inside-inner-col,.kadence-column833_efab51-07 > .kt-inside-inner-col:before{border-top-left-radius:0px;border-top-right-radius:0px;border-bottom-right-radius:0px;border-bottom-left-radius:0px;}.kadence-column833_efab51-07 > .kt-inside-inner-col{column-gap:var(--global-kb-gap-sm, 1rem);}.kadence-column833_efab51-07 > .kt-inside-inner-col{flex-direction:column;justify-content:flex-start;}.kadence-column833_efab51-07 > .kt-inside-inner-col > .aligncenter{width:100%;}.kt-row-column-wrap > .kadence-column833_efab51-07{align-self:flex-start;}.kt-inner-column-height-full:not(.kt-has-1-columns) > .wp-block-kadence-column.kadence-column833_efab51-07{align-self:auto;}.kt-inner-column-height-full:not(.kt-has-1-columns) > .wp-block-kadence-column.kadence-column833_efab51-07 > .kt-inside-inner-col{flex-direction:column;justify-content:flex-start;}.kadence-column833_efab51-07 > .kt-inside-inner-col:before{opacity:0.3;}.kadence-column833_efab51-07{position:relative;}@media all and (max-width: 1024px){.kt-row-column-wrap > .kadence-column833_efab51-07{align-self:flex-start;}}@media all and (max-width: 1024px){.kt-inner-column-height-full:not(.kt-has-1-columns) > .wp-block-kadence-column.kadence-column833_efab51-07{align-self:auto;}}@media all and (max-width: 1024px){.kt-inner-column-height-full:not(.kt-has-1-columns) > .wp-block-kadence-column.kadence-column833_efab51-07 > .kt-inside-inner-col{flex-direction:column;justify-content:flex-start;}}@media all and (max-width: 1024px){.kadence-column833_efab51-07 > .kt-inside-inner-col{flex-direction:column;justify-content:flex-start;}}@media all and (max-width: 767px){.kt-row-column-wrap > .kadence-column833_efab51-07{align-self:flex-start;}.kt-inner-column-height-full:not(.kt-has-1-columns) > .wp-block-kadence-column.kadence-column833_efab51-07{align-self:auto;}.kt-inner-column-height-full:not(.kt-has-1-columns) > .wp-block-kadence-column.kadence-column833_efab51-07 > .kt-inside-inner-col{flex-direction:column;justify-content:flex-start;}.kadence-column833_efab51-07 > .kt-inside-inner-col{flex-direction:column;justify-content:flex-start;}}<\/style>\n<div class=\"wp-block-kadence-column kadence-column833_efab51-07\"><div class=\"kt-inside-inner-col\"><style>.kb-row-layout-id833_27fed3-10 > .kt-row-column-wrap{align-content:start;}:where(.kb-row-layout-id833_27fed3-10 > .kt-row-column-wrap) > .wp-block-kadence-column{justify-content:start;}.kb-row-layout-id833_27fed3-10 > .kt-row-column-wrap{column-gap:var(--global-kb-gap-md, 2rem);row-gap:var(--global-kb-gap-md, 2rem);padding-bottom:var(--global-kb-spacing-md, 2rem);grid-template-columns:repeat(2, minmax(0, 1fr));}.kb-row-layout-id833_27fed3-10 > .kt-row-layout-overlay{opacity:0.30;}@media all and (max-width: 1024px){.kb-row-layout-id833_27fed3-10 > .kt-row-column-wrap{grid-template-columns:repeat(2, minmax(0, 1fr));}}@media all and (max-width: 767px){.kb-row-layout-id833_27fed3-10 > .kt-row-column-wrap{grid-template-columns:minmax(0, 1fr);}}<\/style><div class=\"kb-row-layout-wrap kb-row-layout-id833_27fed3-10 alignnone wp-block-kadence-rowlayout\"><div class=\"kt-row-column-wrap kt-has-2-columns kt-row-layout-equal kt-tab-layout-inherit kt-mobile-layout-row kt-row-valign-top\">\n<style>.kadence-column833_e29e80-58 > .kt-inside-inner-col,.kadence-column833_e29e80-58 > .kt-inside-inner-col:before{border-top-left-radius:0px;border-top-right-radius:0px;border-bottom-right-radius:0px;border-bottom-left-radius:0px;}.kadence-column833_e29e80-58 > .kt-inside-inner-col{column-gap:var(--global-kb-gap-sm, 1rem);}.kadence-column833_e29e80-58 > .kt-inside-inner-col{flex-direction:column;}.kadence-column833_e29e80-58 > .kt-inside-inner-col > .aligncenter{width:100%;}.kadence-column833_e29e80-58 > .kt-inside-inner-col:before{opacity:0.3;}.kadence-column833_e29e80-58{position:relative;}@media all and (max-width: 1024px){.kadence-column833_e29e80-58 > .kt-inside-inner-col{flex-direction:column;justify-content:center;}}@media all and (max-width: 767px){.kadence-column833_e29e80-58 > .kt-inside-inner-col{flex-direction:column;justify-content:center;}}<\/style>\n<div class=\"wp-block-kadence-column kadence-column833_e29e80-58\"><div class=\"kt-inside-inner-col\"><style>.kb-image833_d3306f-b0 .kb-image-has-overlay:after{opacity:0.3;border-top-left-radius:15px;border-top-right-radius:15px;border-bottom-right-radius:15px;border-bottom-left-radius:15px;}.kb-image833_d3306f-b0 img.kb-img, .kb-image833_d3306f-b0 .kb-img img{border-top-left-radius:15px;border-top-right-radius:15px;border-bottom-right-radius:15px;border-bottom-left-radius:15px;}<\/style>\n<figure class=\"wp-block-kadence-image kb-image833_d3306f-b0 size-full\"><img loading=\"lazy\" decoding=\"async\" width=\"567\" height=\"549\" src=\"https:\/\/www.lesppites.com\/wp-content\/uploads\/2024\/06\/ZANZIBAR-1.jpg\" alt=\"\" class=\"kb-img wp-image-530\" srcset=\"https:\/\/www.lesppites.com\/wp-content\/uploads\/2024\/06\/ZANZIBAR-1.jpg 567w, https:\/\/www.lesppites.com\/wp-content\/uploads\/2024\/06\/ZANZIBAR-1-300x290.jpg 300w, https:\/\/www.lesppites.com\/wp-content\/uploads\/2024\/06\/ZANZIBAR-1-12x12.jpg 12w\" sizes=\"auto, (max-width: 567px) 100vw, 567px\" \/><\/figure>\n<\/div><\/div>\n\n\n<style>.kadence-column833_1c5980-e8 > .kt-inside-inner-col,.kadence-column833_1c5980-e8 > .kt-inside-inner-col:before{border-top-left-radius:0px;border-top-right-radius:0px;border-bottom-right-radius:0px;border-bottom-left-radius:0px;}.kadence-column833_1c5980-e8 > .kt-inside-inner-col{column-gap:var(--global-kb-gap-sm, 1rem);}.kadence-column833_1c5980-e8 > .kt-inside-inner-col{flex-direction:column;}.kadence-column833_1c5980-e8 > .kt-inside-inner-col > .aligncenter{width:100%;}.kadence-column833_1c5980-e8 > .kt-inside-inner-col:before{opacity:0.3;}.kadence-column833_1c5980-e8{position:relative;}@media all and (max-width: 1024px){.kadence-column833_1c5980-e8 > .kt-inside-inner-col{flex-direction:column;justify-content:center;}}@media all and (max-width: 767px){.kadence-column833_1c5980-e8 > .kt-inside-inner-col{flex-direction:column;justify-content:center;}}<\/style>\n<div class=\"wp-block-kadence-column kadence-column833_1c5980-e8\"><div class=\"kt-inside-inner-col\"><style>.kb-image833_88ac76-1b .kb-image-has-overlay:after{opacity:0.3;border-top-left-radius:15px;border-top-right-radius:15px;border-bottom-right-radius:15px;border-bottom-left-radius:15px;}.kb-image833_88ac76-1b img.kb-img, .kb-image833_88ac76-1b .kb-img img{border-top-left-radius:15px;border-top-right-radius:15px;border-bottom-right-radius:15px;border-bottom-left-radius:15px;}<\/style>\n<figure class=\"wp-block-kadence-image kb-image833_88ac76-1b size-full\"><img loading=\"lazy\" decoding=\"async\" width=\"224\" height=\"290\" src=\"https:\/\/www.lesppites.com\/wp-content\/uploads\/2024\/06\/ZANZIBAR-FOOT-2.jpg\" alt=\"\" class=\"kb-img wp-image-531\" srcset=\"https:\/\/www.lesppites.com\/wp-content\/uploads\/2024\/06\/ZANZIBAR-FOOT-2.jpg 224w, https:\/\/www.lesppites.com\/wp-content\/uploads\/2024\/06\/ZANZIBAR-FOOT-2-9x12.jpg 9w\" sizes=\"auto, (max-width: 224px) 100vw, 224px\" \/><\/figure>\n<\/div><\/div>\n\n<\/div><\/div>\n\n<style>.kb-image833_60be10-ba.kb-image-is-ratio-size, .kb-image833_60be10-ba .kb-image-is-ratio-size{max-width:230px;width:100%;}.wp-block-kadence-column > .kt-inside-inner-col > .kb-image833_60be10-ba.kb-image-is-ratio-size, .wp-block-kadence-column > .kt-inside-inner-col > .kb-image833_60be10-ba .kb-image-is-ratio-size{align-self:unset;}.kb-image833_60be10-ba{max-width:230px;}.image-is-svg.kb-image833_60be10-ba{-webkit-flex:0 1 100%;flex:0 1 100%;}.image-is-svg.kb-image833_60be10-ba img{width:100%;}.kb-image833_60be10-ba .kb-image-has-overlay:after{opacity:0.3;border-top-left-radius:15px;border-top-right-radius:15px;border-bottom-right-radius:15px;border-bottom-left-radius:15px;}.kb-image833_60be10-ba img.kb-img, .kb-image833_60be10-ba .kb-img img{border-top-left-radius:15px;border-top-right-radius:15px;border-bottom-right-radius:15px;border-bottom-left-radius:15px;}<\/style>\n<figure class=\"wp-block-kadence-image kb-image833_60be10-ba size-full\"><img loading=\"lazy\" decoding=\"async\" width=\"229\" height=\"298\" src=\"https:\/\/www.lesppites.com\/wp-content\/uploads\/2024\/06\/ZANZIBAR-ECOLE.jpg\" alt=\"\" class=\"kb-img wp-image-529\" srcset=\"https:\/\/www.lesppites.com\/wp-content\/uploads\/2024\/06\/ZANZIBAR-ECOLE.jpg 229w, https:\/\/www.lesppites.com\/wp-content\/uploads\/2024\/06\/ZANZIBAR-ECOLE-9x12.jpg 9w\" sizes=\"auto, (max-width: 229px) 100vw, 229px\" \/><\/figure>\n<\/div><\/div>\n\n\n<style>.kadence-column833_0b023e-96 > .kt-inside-inner-col,.kadence-column833_0b023e-96 > .kt-inside-inner-col:before{border-top-left-radius:0px;border-top-right-radius:0px;border-bottom-right-radius:0px;border-bottom-left-radius:0px;}.kadence-column833_0b023e-96 > .kt-inside-inner-col{column-gap:var(--global-kb-gap-sm, 1rem);}.kadence-column833_0b023e-96 > .kt-inside-inner-col{flex-direction:column;}.kadence-column833_0b023e-96 > .kt-inside-inner-col > .aligncenter{width:100%;}.kadence-column833_0b023e-96 > .kt-inside-inner-col:before{opacity:0.3;}.kadence-column833_0b023e-96{position:relative;}@media all and (max-width: 1024px){.kadence-column833_0b023e-96 > .kt-inside-inner-col{padding-right:0px;flex-direction:column;justify-content:center;}}@media all and (max-width: 767px){.kadence-column833_0b023e-96 > .kt-inside-inner-col{flex-direction:column;justify-content:center;}}<\/style>\n<div class=\"wp-block-kadence-column kadence-column833_0b023e-96 kb-section-sm-dir-vertical\"><div class=\"kt-inside-inner-col\"><style>.wp-block-kadence-advancedheading.kt-adv-heading833_28f324-21, .wp-block-kadence-advancedheading.kt-adv-heading833_28f324-21[data-kb-block=\"kb-adv-heading833_28f324-21\"]{display:block;margin-bottom:var(--global-kb-spacing-sm, 1.5rem);text-align:center;font-size:20px;font-weight:700;font-style:normal;color:#cfab6a;}.wp-block-kadence-advancedheading.kt-adv-heading833_28f324-21 mark.kt-highlight, .wp-block-kadence-advancedheading.kt-adv-heading833_28f324-21[data-kb-block=\"kb-adv-heading833_28f324-21\"] mark.kt-highlight{font-style:normal;color:#f76a0c;-webkit-box-decoration-break:clone;box-decoration-break:clone;padding-top:0px;padding-right:0px;padding-bottom:0px;padding-left:0px;}.wp-block-kadence-advancedheading.kt-adv-heading833_28f324-21 img.kb-inline-image, .wp-block-kadence-advancedheading.kt-adv-heading833_28f324-21[data-kb-block=\"kb-adv-heading833_28f324-21\"] img.kb-inline-image{width:150px;vertical-align:baseline;}@media all and (max-width: 1024px){.wp-block-kadence-advancedheading.kt-adv-heading833_28f324-21, .wp-block-kadence-advancedheading.kt-adv-heading833_28f324-21[data-kb-block=\"kb-adv-heading833_28f324-21\"]{padding-left:0px;}}<\/style>\n<span class=\"kt-adv-heading833_28f324-21 wp-block-kadence-advancedheading\" data-kb-block=\"kb-adv-heading833_28f324-21\">Notre histoire et nos r\u00e9alisations.<\/span>\n\n\n<style>.wp-block-kadence-advancedheading.kt-adv-heading833_60743b-bf, .wp-block-kadence-advancedheading.kt-adv-heading833_60743b-bf[data-kb-block=\"kb-adv-heading833_60743b-bf\"]{text-align:center;font-style:normal;}.wp-block-kadence-advancedheading.kt-adv-heading833_60743b-bf mark.kt-highlight, .wp-block-kadence-advancedheading.kt-adv-heading833_60743b-bf[data-kb-block=\"kb-adv-heading833_60743b-bf\"] mark.kt-highlight{font-style:normal;color:#f76a0c;-webkit-box-decoration-break:clone;box-decoration-break:clone;padding-top:0px;padding-right:0px;padding-bottom:0px;padding-left:0px;}.wp-block-kadence-advancedheading.kt-adv-heading833_60743b-bf img.kb-inline-image, .wp-block-kadence-advancedheading.kt-adv-heading833_60743b-bf[data-kb-block=\"kb-adv-heading833_60743b-bf\"] img.kb-inline-image{width:150px;vertical-align:baseline;}@media all and (max-width: 1024px){.wp-block-kadence-advancedheading.kt-adv-heading833_60743b-bf, .wp-block-kadence-advancedheading.kt-adv-heading833_60743b-bf[data-kb-block=\"kb-adv-heading833_60743b-bf\"]{padding-left:0px;}}<\/style>\n<p class=\"kt-adv-heading833_60743b-bf wp-block-kadence-advancedheading has-theme-palette-3-color has-text-color\" data-kb-block=\"kb-adv-heading833_60743b-bf\"><strong>Association Cr\u00e9\u00e9e en 2019 par des amis passionn\u00e9s de sport et sensibles aux causes humanitaires, la communaut\u00e9 EIGHTEEN HILLS a diversifi\u00e9 ses missions en menant des actions solidaires \u00e0 travers des \u00e9v\u00e8nements sportifs.<br>Le premier tournoi de street football organis\u00e9 par EighteenHills en Afrique a eu lieu dans le village de Jenbele \u00e0 Zanzibar les 23 et 24 septembre 2023.<br>A cette occasion nous avons obtenu des fonds pour la construction d\u2019une \u00e9cole et l\u2019achat d\u2019un mini bus.<\/strong><\/p>\n\n\n<style>.kb-image833_cd959e-99 .kb-image-has-overlay:after{opacity:0.3;border-top-left-radius:15px;border-top-right-radius:15px;border-bottom-right-radius:15px;border-bottom-left-radius:15px;}.kb-image833_cd959e-99 img.kb-img, .kb-image833_cd959e-99 .kb-img img{border-top-left-radius:15px;border-top-right-radius:15px;border-bottom-right-radius:15px;border-bottom-left-radius:15px;}<\/style>\n<div class=\"wp-block-kadence-image kb-image833_cd959e-99\"><figure class=\"aligncenter size-full\"><img loading=\"lazy\" decoding=\"async\" width=\"259\" height=\"333\" src=\"https:\/\/www.lesppites.com\/wp-content\/uploads\/2024\/06\/ZANZIBAR-BUS.jpg\" alt=\"\" class=\"kb-img wp-image-527\" srcset=\"https:\/\/www.lesppites.com\/wp-content\/uploads\/2024\/06\/ZANZIBAR-BUS.jpg 259w, https:\/\/www.lesppites.com\/wp-content\/uploads\/2024\/06\/ZANZIBAR-BUS-233x300.jpg 233w, https:\/\/www.lesppites.com\/wp-content\/uploads\/2024\/06\/ZANZIBAR-BUS-9x12.jpg 9w\" sizes=\"auto, (max-width: 259px) 100vw, 259px\" \/><\/figure><\/div>\n<\/div><\/div>\n\n<\/div><\/div><\/div><\/div>\n\n<\/div><\/div>","protected":false},"excerpt":{"rendered":"<p>Connecter avec plus d\u2019\u00e9v\u00e9nements caritatifs en Afrique EIGHTEEN HILLS Le nom Eighteen Hills vient du fait que le terrain est localis\u00e9 dans les hauteurs du 18\u00e8me arrondissement, pr\u00e8s du Sacr\u00e9 C\u0153ur. Notre histoire et nos r\u00e9alisations. Association Cr\u00e9\u00e9e en 2019 par des amis passionn\u00e9s de sport et sensibles aux causes humanitaires, la communaut\u00e9 EIGHTEEN HILLS&#8230;<\/p>","protected":false},"author":1,"featured_media":0,"parent":0,"menu_order":0,"comment_status":"closed","ping_status":"closed","template":"","meta":{"_kad_post_transparent":"","_kad_post_title":"hide","_kad_post_layout":"","_kad_post_sidebar_id":"","_kad_post_content_style":"","_kad_post_vertical_padding":"","_kad_post_feature":"","_kad_post_feature_position":"","_kad_post_header":false,"_kad_post_footer":false,"_kad_post_classname":"","footnotes":""},"class_list":["post-833","page","type-page","status-publish","hentry"],"_links":{"self":[{"href":"https:\/\/www.lesppites.com\/en\/wp-json\/wp\/v2\/pages\/833","targetHints":{"allow":["GET"]}}],"collection":[{"href":"https:\/\/www.lesppites.com\/en\/wp-json\/wp\/v2\/pages"}],"about":[{"href":"https:\/\/www.lesppites.com\/en\/wp-json\/wp\/v2\/types\/page"}],"author":[{"embeddable":true,"href":"https:\/\/www.lesppites.com\/en\/wp-json\/wp\/v2\/users\/1"}],"replies":[{"embeddable":true,"href":"https:\/\/www.lesppites.com\/en\/wp-json\/wp\/v2\/comments?post=833"}],"version-history":[{"count":6,"href":"https:\/\/www.lesppites.com\/en\/wp-json\/wp\/v2\/pages\/833\/revisions"}],"predecessor-version":[{"id":961,"href":"https:\/\/www.lesppites.com\/en\/wp-json\/wp\/v2\/pages\/833\/revisions\/961"}],"wp:attachment":[{"href":"https:\/\/www.lesppites.com\/en\/wp-json\/wp\/v2\/media?parent=833"}],"curies":[{"name":"wp","href":"https:\/\/api.w.org\/{rel}","templated":true}]}}